{"id":1950,"date":"2022-10-19T15:26:47","date_gmt":"2022-10-19T15:26:47","guid":{"rendered":"https:\/\/vetpermutadora.pt\/news\/"},"modified":"2023-07-31T14:23:55","modified_gmt":"2023-07-31T14:23:55","slug":"news","status":"publish","type":"page","link":"https:\/\/vetpermutadora.pt\/en\/news\/","title":{"rendered":"News"},"content":{"rendered":"\t\t<div data-elementor-type=\"wp-page\" data-elementor-id=\"1950\" class=\"elementor elementor-1950 elementor-77\">\n\t\t\t\t\t\t\t\t\t<section class=\"elementor-section elementor-top-section elementor-element elementor-element-2b77e896 elementor-section-boxed elementor-section-height-default elementor-section-height-default\" data-id=\"2b77e896\" data-element_type=\"section\" data-settings=\"{&quot;background_background&quot;:&quot;classic&quot;,&quot;shape_divider_bottom&quot;:&quot;curve&quot;,&quot;shape_divider_bottom_negative&quot;:&quot;yes&quot;}\">\n\t\t\t\t\t\t\t<div class=\"elementor-background-overlay\"><\/div>\n\t\t\t\t\t\t<div class=\"elementor-shape elementor-shape-bottom\" data-negative=\"true\">\n\t\t\t<svg xmlns=\"http:\/\/www.w3.org\/2000\/svg\" viewBox=\"0 0 1000 100\" preserveAspectRatio=\"none\">\n\t<path class=\"elementor-shape-fill\" d=\"M500,97C126.7,96.3,0.8,19.8,0,0v100l1000,0V1C1000,19.4,873.3,97.8,500,97z\"\/>\n<\/svg>\t\t<\/div>\n\t\t\t\t\t<div class=\"elementor-container elementor-column-gap-default\">\n\t\t\t\t\t<div class=\"elementor-column elementor-col-100 elementor-top-column elementor-element elementor-element-70b3cf53\" data-id=\"70b3cf53\" data-element_type=\"column\">\n\t\t\t<div class=\"elementor-widget-wrap elementor-element-populated\">\n\t\t\t\t\t\t\t\t<div class=\"elementor-element elementor-element-7fc3afbe elementor-invisible elementor-widget elementor-widget-heading\" data-id=\"7fc3afbe\" data-element_type=\"widget\" data-settings=\"{&quot;_animation&quot;:&quot;fadeInUp&quot;,&quot;_animation_delay&quot;:200}\" data-widget_type=\"heading.default\">\n\t\t\t\t<div class=\"elementor-widget-container\">\n\t\t\t<style>\/*! elementor - v3.7.8 - 02-10-2022 *\/\n.elementor-heading-title{padding:0;margin:0;line-height:1}.elementor-widget-heading .elementor-heading-title[class*=elementor-size-]>a{color:inherit;font-size:inherit;line-height:inherit}.elementor-widget-heading .elementor-heading-title.elementor-size-small{font-size:15px}.elementor-widget-heading .elementor-heading-title.elementor-size-medium{font-size:19px}.elementor-widget-heading .elementor-heading-title.elementor-size-large{font-size:29px}.elementor-widget-heading .elementor-heading-title.elementor-size-xl{font-size:39px}.elementor-widget-heading .elementor-heading-title.elementor-size-xxl{font-size:59px}<\/style><h1 class=\"elementor-heading-title elementor-size-default\">News<\/h1>\t\t<\/div>\n\t\t\t\t<\/div>\n\t\t\t\t\t<\/div>\n\t\t<\/div>\n\t\t\t\t\t\t\t<\/div>\n\t\t<\/section>\n\t\t\t\t<section class=\"elementor-section elementor-top-section elementor-element elementor-element-0dafa40 elementor-section-height-min-height elementor-section-boxed elementor-section-height-default elementor-section-items-middle\" data-id=\"0dafa40\" data-element_type=\"section\" data-settings=\"{&quot;background_background&quot;:&quot;classic&quot;}\">\n\t\t\t\t\t\t\t<div class=\"elementor-background-overlay\"><\/div>\n\t\t\t\t\t\t\t<div class=\"elementor-container elementor-column-gap-default\">\n\t\t\t\t\t<div class=\"elementor-column elementor-col-100 elementor-top-column elementor-element elementor-element-e045cd6\" data-id=\"e045cd6\" data-element_type=\"column\">\n\t\t\t<div class=\"elementor-widget-wrap elementor-element-populated\">\n\t\t\t\t\t\t\t\t<div class=\"elementor-element elementor-element-248391e elementor-widget elementor-widget-tp-blog-listout\" data-id=\"248391e\" data-element_type=\"widget\" data-widget_type=\"tp-blog-listout.default\">\n\t\t\t\t<div class=\"elementor-widget-container\">\n\t\t\t<div id=\"pt-plus-blog-post-list\" class=\"blog-list post69d44e971ec21  list-isotope-metro  blog-style-1 hover-image-style-1 \"  data-layout-type=\"metro\"  data-metro-columns=\"3\"  data-metro-style=\"style-1\"   data-id=\"post69d44e971ec21\" data-style=\"style-1\"  data-enable-isotope=\"1\"><div id=\"post69d44e971ec21\" class=\"tp-row post-inner-loop post69d44e971ec21 \"><div class=\"grid-item metro-item1     \"><article id=\"post-1973\" class=\"post-1973 post type-post status-publish format-standard has-post-thumbnail hentry category-sem-categoria\">\n\t<div class=\"blog-list-content\">\n\t\t\t\t<div class=\"post-content-bottom\">\n\t\t\t\t\t\t<h2 class=\"post-title\">\n\t<a href=\"https:\/\/vetpermutadora.pt\/en\/new-pecusanol-collars\/\">New Pecusanol collars<\/a>\n<\/h2>\t\t\t<div class=\"post-hover-content\">\n\t\t\t\t<div class=\"entry-content\">\n\t<p>With the launch of Dog and Cat collars, the PECUSANOL range continues to grow. Now with the Pecusanol family you can have an integrated solution for the external deworming...<\/p>\n<\/div>\t\t\t<\/div>\n\t\t<\/div>\n\t\t\t\t<a href=\"https:\/\/vetpermutadora.pt\/en\/new-pecusanol-collars\/\"><div class=\"blog-bg-image-metro \" style=\"background-image:url(https:\/\/vetpermutadora.pt\/wp-content\/uploads\/2022\/11\/partial-view-of-woman-sitting-on-blanket-and-adjusting-dog-collar-on-golden-retriever-in-park.jpg);\"><\/div><\/a>\n\t\t\t<\/div>\n<\/article><\/div><div class=\"grid-item metro-item2     \"><article id=\"post-2064\" class=\"post-2064 post type-post status-publish format-standard has-post-thumbnail hentry category-sem-categoria\">\n\t<div class=\"blog-list-content\">\n\t\t\t\t<div class=\"post-content-bottom\">\n\t\t\t\t\t\t<h2 class=\"post-title\">\n\t<a href=\"https:\/\/vetpermutadora.pt\/en\/launching-of-the-noxi-powder-creep-solution\/\">Launching of the NOXI Powder Creep Solution<\/a>\n<\/h2>\t\t\t<div class=\"post-hover-content\">\n\t\t\t\t<div class=\"entry-content\">\n\t<p>Vet Permutadora relaunches its insecticide powder for the control of crawling insects. NOXI P\u00f3 Rastejantes with 0.5% permethrin, is a highly effective and persistent household insecticide powder for the...<\/p>\n<\/div>\t\t\t<\/div>\n\t\t<\/div>\n\t\t\t\t<a href=\"https:\/\/vetpermutadora.pt\/en\/launching-of-the-noxi-powder-creep-solution\/\"><div class=\"blog-bg-image-metro \" style=\"background-image:url(https:\/\/vetpermutadora.pt\/wp-content\/uploads\/2022\/11\/cropped-view-of-exterminator-in-latex-glove-holding-toxic-spray-can-near-cockroaches.jpg);\"><\/div><\/a>\n\t\t\t<\/div>\n<\/article><\/div><div class=\"grid-item metro-item3     \"><article id=\"post-2051\" class=\"post-2051 post type-post status-publish format-standard has-post-thumbnail hentry category-sem-categoria\">\n\t<div class=\"blog-list-content\">\n\t\t\t\t<div class=\"post-content-bottom\">\n\t\t\t\t\t\t<h2 class=\"post-title\">\n\t<a href=\"https:\/\/vetpermutadora.pt\/en\/vet-exchangers-new-product-noxi-cytrol-10-4\/\">Vet Exchanger&#8217;s new product: NOXI Cytrol 10\/4<\/a>\n<\/h2>\t\t\t<div class=\"post-hover-content\">\n\t\t\t\t<div class=\"entry-content\">\n\t<p>Vet Permutadora puts a new product on the market for pest control in domestic, commercial, and industrial establishments. NOXI CYTROL 10\/4 with 10% cypermethrin and 4% piperonyl butoxide is...<\/p>\n<\/div>\t\t\t<\/div>\n\t\t<\/div>\n\t\t\t\t<a href=\"https:\/\/vetpermutadora.pt\/en\/vet-exchangers-new-product-noxi-cytrol-10-4\/\"><div class=\"blog-bg-image-metro \" style=\"background-image:url(https:\/\/vetpermutadora.pt\/wp-content\/uploads\/2022\/11\/Artboard-produtos-VET-13.jpg);\"><\/div><\/a>\n\t\t\t<\/div>\n<\/article><\/div><\/div><\/div>\t\t<\/div>\n\t\t\t\t<\/div>\n\t\t\t\t\t<\/div>\n\t\t<\/div>\n\t\t\t\t\t\t\t<\/div>\n\t\t<\/section>\n\t\t\t\t\t\t\t<\/div>\n\t\t","protected":false},"excerpt":{"rendered":"<p>News Novas coleiras Pecusanol Com o lan\u00e7amento das coleiras para C\u00e3o e Gato, a gama PECUSANOL continua a crescer. Agora com a familia Pecusanol \u00e9 possivel manter uma solu\u00e7\u00e3o integrada para a desparasita\u00e7\u00e3o&#8230; Lan\u00e7amento da solu\u00e7\u00e3o NOXI P\u00f3 Rastejantes A Vet Permutadora relan\u00e7a o seu inseticida em p\u00f3 para o controlo de insetos rastejantes. NOXI [&hellip;]<\/p>\n","protected":false},"author":1,"featured_media":0,"parent":0,"menu_order":0,"comment_status":"closed","ping_status":"closed","template":"","meta":{"om_disable_all_campaigns":false,"_monsterinsights_skip_tracking":false,"_monsterinsights_sitenote_active":false,"_monsterinsights_sitenote_note":"","_monsterinsights_sitenote_category":0,"footnotes":""},"class_list":["post-1950","page","type-page","status-publish","hentry"],"_links":{"self":[{"href":"https:\/\/vetpermutadora.pt\/en\/wp-json\/wp\/v2\/pages\/1950","targetHints":{"allow":["GET"]}}],"collection":[{"href":"https:\/\/vetpermutadora.pt\/en\/wp-json\/wp\/v2\/pages"}],"about":[{"href":"https:\/\/vetpermutadora.pt\/en\/wp-json\/wp\/v2\/types\/page"}],"author":[{"embeddable":true,"href":"https:\/\/vetpermutadora.pt\/en\/wp-json\/wp\/v2\/users\/1"}],"replies":[{"embeddable":true,"href":"https:\/\/vetpermutadora.pt\/en\/wp-json\/wp\/v2\/comments?post=1950"}],"version-history":[{"count":5,"href":"https:\/\/vetpermutadora.pt\/en\/wp-json\/wp\/v2\/pages\/1950\/revisions"}],"predecessor-version":[{"id":2229,"href":"https:\/\/vetpermutadora.pt\/en\/wp-json\/wp\/v2\/pages\/1950\/revisions\/2229"}],"wp:attachment":[{"href":"https:\/\/vetpermutadora.pt\/en\/wp-json\/wp\/v2\/media?parent=1950"}],"curies":[{"name":"wp","href":"https:\/\/api.w.org\/{rel}","templated":true}]}}